{"id":504,"date":"2023-07-03T17:46:52","date_gmt":"2023-07-03T20:46:52","guid":{"rendered":"http:\/\/curry-se.com.br\/?page_id=504"},"modified":"2023-07-12T01:57:11","modified_gmt":"2023-07-12T04:57:11","slug":"home-3","status":"publish","type":"page","link":"https:\/\/curry-se.com.br\/","title":{"rendered":"Home"},"content":{"rendered":"\t\t<div data-elementor-type=\"wp-page\" data-elementor-id=\"504\" class=\"elementor elementor-504\">\n\t\t\t\t\t\t\t<div class=\"elementor-element elementor-element-debe80a e-flex e-con-boxed e-con\" data-id=\"debe80a\" data-element_type=\"container\" data-settings=\"{&quot;background_background&quot;:&quot;classic&quot;,&quot;content_width&quot;:&quot;boxed&quot;}\">\n\t\t\t\t\t<div class=\"e-con-inner\">\n\t\t\t\t<div class=\"elementor-element elementor-element-c4efda3 elementor-widget elementor-widget-text-editor\" data-id=\"c4efda3\" data-element_type=\"widget\" data-widget_type=\"text-editor.default\">\n\t\t\t\t<div class=\"elementor-widget-container\">\n\t\t\t<style>\/*! elementor - v3.14.0 - 26-06-2023 *\/\n.elementor-widget-text-editor.elementor-drop-cap-view-stacked .elementor-drop-cap{background-color:#69727d;color:#fff}.elementor-widget-text-editor.elementor-drop-cap-view-framed .elementor-drop-cap{color:#69727d;border:3px solid;background-color:transparent}.elementor-widget-text-editor:not(.elementor-drop-cap-view-default) .elementor-drop-cap{margin-top:8px}.elementor-widget-text-editor:not(.elementor-drop-cap-view-default) .elementor-drop-cap-letter{width:1em;height:1em}.elementor-widget-text-editor .elementor-drop-cap{float:left;text-align:center;line-height:1;font-size:50px}.elementor-widget-text-editor .elementor-drop-cap-letter{display:inline-block}<\/style>\t\t\t\t<p class=\"p1\"><b>Criamos experi\u00eancias culin\u00e1rias carregadas de sentido, vibra\u00e7\u00e3o e consci\u00eancia.\u00a0<\/b><\/p>\t\t\t\t\t\t<\/div>\n\t\t\t\t<\/div>\n\t\t\t\t\t<\/div>\n\t\t\t\t<\/div>\n\t\t<div class=\"elementor-element elementor-element-2c4bbab e-flex e-con-boxed e-con\" data-id=\"2c4bbab\" data-element_type=\"container\" data-settings=\"{&quot;background_background&quot;:&quot;classic&quot;,&quot;content_width&quot;:&quot;boxed&quot;}\">\n\t\t\t\t\t<div class=\"e-con-inner\">\n\t\t\t\t<div class=\"elementor-element elementor-element-61d38e9 elementor-widget elementor-widget-text-editor\" data-id=\"61d38e9\" data-element_type=\"widget\" data-widget_type=\"text-editor.default\">\n\t\t\t\t<div class=\"elementor-widget-container\">\n\t\t\t\t\t\t\t<p class=\"p1\">Chegamos para ampliar a suas op\u00e7\u00f5es de delivery saud\u00e1vel. Nosso card\u00e1pio traz interpreta\u00e7\u00f5es criativas com base nas masalas hindi e do mundo, combinando especiarias a partir de seis sabores: doce, salgado, azedo, picante, amargo e adstringente.<\/p>\t\t\t\t\t\t<\/div>\n\t\t\t\t<\/div>\n\t\t\t\t\t<\/div>\n\t\t\t\t<\/div>\n\t\t<div class=\"elementor-element elementor-element-7edf036 e-flex e-con-boxed e-con\" data-id=\"7edf036\" data-element_type=\"container\" data-settings=\"{&quot;content_width&quot;:&quot;boxed&quot;}\">\n\t\t\t\t\t<div class=\"e-con-inner\">\n\t\t<div class=\"elementor-element elementor-element-56e9663 e-con-full e-flex e-con\" data-id=\"56e9663\" data-element_type=\"container\" data-settings=\"{&quot;content_width&quot;:&quot;full&quot;}\">\n\t\t\t\t<div class=\"elementor-element elementor-element-5d039cb elementor-widget elementor-widget-text-editor\" data-id=\"5d039cb\" data-element_type=\"widget\" data-widget_type=\"text-editor.default\">\n\t\t\t\t<div class=\"elementor-widget-container\">\n\t\t\t\t\t\t\t<p class=\"p1\">A hist\u00f3ria do mercado de especiarias se confunde com o desenvolvimento da civiliza\u00e7\u00e3o. Ap\u00f3s o boom das\u00a0 \u00a0 \u00a0transa\u00e7\u00f5es comerciais no s\u00e9culo XV os condimentos se tornaram itens obrigat\u00f3rios nas cozinhas n\u00e3o s\u00f3 do oriente, ber\u00e7o das iguarias, como na regi\u00e3o ocidental do planeta. O cuidado com o sabor e com a alimenta\u00e7\u00e3o saud\u00e1vel, elementar na gastronomia asi\u00e1tica, incentivou a <i>restauranteur<\/i> Pat Godinho a criar o <b>CURRY-SE!<\/b>, um novo conceito inspirado no universo arom\u00e1tico e saboroso dos temperos. O card\u00e1pio foi constru\u00eddo com\u00a0 \u00a0 \u00a0 \u00a0 \u00a0alimentos de origem segura e\u00a0 \u00a0 oriundos de produtores locais, reunindo op\u00e7\u00f5es de comida fresca, saud\u00e1vel, aliadas a um sabor inesquec\u00edvel.<\/p>\t\t\t\t\t\t<\/div>\n\t\t\t\t<\/div>\n\t\t\t\t<\/div>\n\t\t<div class=\"elementor-element elementor-element-aac01b0 e-con-full e-flex e-con\" data-id=\"aac01b0\" data-element_type=\"container\" data-settings=\"{&quot;content_width&quot;:&quot;full&quot;}\">\n\t\t\t\t<div class=\"elementor-element elementor-element-de62fea elementor-widget__width-initial elementor-widget elementor-widget-image\" data-id=\"de62fea\" data-element_type=\"widget\" data-widget_type=\"image.default\">\n\t\t\t\t<div class=\"elementor-widget-container\">\n\t\t\t<style>\/*! elementor - v3.14.0 - 26-06-2023 *\/\n.elementor-widget-image{text-align:center}.elementor-widget-image a{display:inline-block}.elementor-widget-image a img[src$=\".svg\"]{width:48px}.elementor-widget-image img{vertical-align:middle;display:inline-block}<\/style>\t\t\t\t\t\t\t\t\t\t\t\t<img decoding=\"async\" width=\"684\" height=\"1024\" src=\"https:\/\/curry-se.com.br\/wp-content\/uploads\/2023\/07\/dsc2719a-684x1024.jpg\" class=\"attachment-large size-large wp-image-814\" alt=\"\" loading=\"lazy\" srcset=\"https:\/\/curry-se.com.br\/wp-content\/uploads\/2023\/07\/dsc2719a-684x1024.jpg 684w, https:\/\/curry-se.com.br\/wp-content\/uploads\/2023\/07\/dsc2719a-200x300.jpg 200w, https:\/\/curry-se.com.br\/wp-content\/uploads\/2023\/07\/dsc2719a-768x1150.jpg 768w, https:\/\/curry-se.com.br\/wp-content\/uploads\/2023\/07\/dsc2719a-1025x1536.jpg 1025w, https:\/\/curry-se.com.br\/wp-content\/uploads\/2023\/07\/dsc2719a-1367x2048.jpg 1367w, https:\/\/curry-se.com.br\/wp-content\/uploads\/2023\/07\/dsc2719a-600x899.jpg 600w, https:\/\/curry-se.com.br\/wp-content\/uploads\/2023\/07\/dsc2719a-scaled.jpg 1709w\" sizes=\"(max-width: 684px) 100vw, 684px\" \/>\t\t\t\t\t\t\t\t\t\t\t\t\t\t\t<\/div>\n\t\t\t\t<\/div>\n\t\t\t\t<\/div>\n\t\t\t\t\t<\/div>\n\t\t\t\t<\/div>\n\t\t<div class=\"elementor-element elementor-element-69fbfe4 e-flex e-con-boxed e-con\" data-id=\"69fbfe4\" data-element_type=\"container\" data-settings=\"{&quot;background_background&quot;:&quot;classic&quot;,&quot;content_width&quot;:&quot;boxed&quot;}\">\n\t\t\t\t\t<div class=\"e-con-inner\">\n\t\t\t\t<div class=\"elementor-element elementor-element-09fdaad elementor-widget elementor-widget-image\" data-id=\"09fdaad\" data-element_type=\"widget\" data-widget_type=\"image.default\">\n\t\t\t\t<div class=\"elementor-widget-container\">\n\t\t\t\t\t\t\t\t\t\t\t\t\t\t\t<img decoding=\"async\" width=\"1024\" height=\"684\" src=\"https:\/\/curry-se.com.br\/wp-content\/uploads\/2023\/07\/dsc2761final-1024x684.jpg\" class=\"attachment-large size-large wp-image-956\" alt=\"\" loading=\"lazy\" srcset=\"https:\/\/curry-se.com.br\/wp-content\/uploads\/2023\/07\/dsc2761final-1024x684.jpg 1024w, https:\/\/curry-se.com.br\/wp-content\/uploads\/2023\/07\/dsc2761final-300x200.jpg 300w, https:\/\/curry-se.com.br\/wp-content\/uploads\/2023\/07\/dsc2761final-768x513.jpg 768w, https:\/\/curry-se.com.br\/wp-content\/uploads\/2023\/07\/dsc2761final-1536x1026.jpg 1536w, https:\/\/curry-se.com.br\/wp-content\/uploads\/2023\/07\/dsc2761final-2048x1367.jpg 2048w, https:\/\/curry-se.com.br\/wp-content\/uploads\/2023\/07\/dsc2761final-600x401.jpg 600w\" sizes=\"(max-width: 1024px) 100vw, 1024px\" \/>\t\t\t\t\t\t\t\t\t\t\t\t\t\t\t<\/div>\n\t\t\t\t<\/div>\n\t\t\t\t\t<\/div>\n\t\t\t\t<\/div>\n\t\t<div class=\"elementor-element elementor-element-f8dd291 e-flex e-con-boxed e-con\" data-id=\"f8dd291\" data-element_type=\"container\" data-settings=\"{&quot;content_width&quot;:&quot;boxed&quot;}\">\n\t\t\t\t\t<div class=\"e-con-inner\">\n\t\t<div class=\"elementor-element elementor-element-179abd2 e-con-full e-flex e-con\" data-id=\"179abd2\" data-element_type=\"container\" data-settings=\"{&quot;content_width&quot;:&quot;full&quot;}\">\n\t\t\t\t<div class=\"elementor-element elementor-element-c0a5dfe elementor-widget elementor-widget-image\" data-id=\"c0a5dfe\" data-element_type=\"widget\" data-widget_type=\"image.default\">\n\t\t\t\t<div class=\"elementor-widget-container\">\n\t\t\t\t\t\t\t\t\t\t\t\t\t\t\t<img decoding=\"async\" width=\"683\" height=\"1024\" src=\"https:\/\/curry-se.com.br\/wp-content\/uploads\/2023\/07\/Lassi.jpg\" class=\"attachment-large size-large wp-image-1013\" alt=\"\" loading=\"lazy\" srcset=\"https:\/\/curry-se.com.br\/wp-content\/uploads\/2023\/07\/Lassi.jpg 683w, https:\/\/curry-se.com.br\/wp-content\/uploads\/2023\/07\/Lassi-200x300.jpg 200w, https:\/\/curry-se.com.br\/wp-content\/uploads\/2023\/07\/Lassi-600x900.jpg 600w\" sizes=\"(max-width: 683px) 100vw, 683px\" \/>\t\t\t\t\t\t\t\t\t\t\t\t\t\t\t<\/div>\n\t\t\t\t<\/div>\n\t\t\t\t<\/div>\n\t\t<div class=\"elementor-element elementor-element-4543515 e-con-full e-flex e-con\" data-id=\"4543515\" data-element_type=\"container\" data-settings=\"{&quot;content_width&quot;:&quot;full&quot;}\">\n\t\t\t\t<div class=\"elementor-element elementor-element-4a3882b elementor-widget__width-initial elementor-widget elementor-widget-heading\" data-id=\"4a3882b\" data-element_type=\"widget\" data-widget_type=\"heading.default\">\n\t\t\t\t<div class=\"elementor-widget-container\">\n\t\t\t<style>\/*! elementor - v3.14.0 - 26-06-2023 *\/\n.elementor-heading-title{padding:0;margin:0;line-height:1}.elementor-widget-heading .elementor-heading-title[class*=elementor-size-]>a{color:inherit;font-size:inherit;line-height:inherit}.elementor-widget-heading .elementor-heading-title.elementor-size-small{font-size:15px}.elementor-widget-heading .elementor-heading-title.elementor-size-medium{font-size:19px}.elementor-widget-heading .elementor-heading-title.elementor-size-large{font-size:29px}.elementor-widget-heading .elementor-heading-title.elementor-size-xl{font-size:39px}.elementor-widget-heading .elementor-heading-title.elementor-size-xxl{font-size:59px}<\/style><h2 class=\"elementor-heading-title elementor-size-default\">Estilo de vida saud\u00e1vel para voc\u00ea e para o planeta!<\/h2>\t\t<\/div>\n\t\t\t\t<\/div>\n\t\t\t\t<div class=\"elementor-element elementor-element-4ea617b elementor-widget elementor-widget-text-editor\" data-id=\"4ea617b\" data-element_type=\"widget\" data-widget_type=\"text-editor.default\">\n\t\t\t\t<div class=\"elementor-widget-container\">\n\t\t\t\t\t\t\t<p class=\"p1\">Com o objetivo de levar cultura atrav\u00e9s dos sabores, o <b>CURRY-SE!<\/b> nasce como uma marca que tem como proposta estimular os clientes a terem um estilo de vida mais saud\u00e1vel e consciente. E a sustentabilidade vai muito al\u00e9m do cuidado na escolha dos alimentos do card\u00e1pio. Toda a cadeia de produ\u00e7\u00e3o da empresa \u00e9 criada a partir de pr\u00e1ticas sustent\u00e1veis que s\u00e3o modelo em metr\u00f3poles desenvolvidas, como Nova York e Londres.<\/p><p class=\"p1\">Al\u00e9m da coleta seletiva do lixo, a empresa realiza a doa\u00e7\u00e3o de \u00f3leo vegetal utilizado no preparo dos pratos \u00e0 cooperativa que transforma o produto em sab\u00e3o.<span class=\"Apple-converted-space\">\u00a0<\/span><\/p><p class=\"p1\">O <b>CURRY-SE!<\/b> tamb\u00e9m tem o compromisso de compensa\u00e7\u00e3o da emiss\u00e3o de g\u00e1s carb\u00f4nico gerada nas entregas que n\u00e3o podem ser feitas de bicicleta.<\/p>\t\t\t\t\t\t<\/div>\n\t\t\t\t<\/div>\n\t\t\t\t<\/div>\n\t\t\t\t\t<\/div>\n\t\t\t\t<\/div>\n\t\t\t\t\t\t\t<\/div>\n\t\t","protected":false},"excerpt":{"rendered":"<p>Criamos experi\u00eancias culin\u00e1rias carregadas de sentido, vibra\u00e7\u00e3o e consci\u00eancia.\u00a0 Chegamos para ampliar a suas op\u00e7\u00f5es de delivery saud\u00e1vel. Nosso card\u00e1pio traz interpreta\u00e7\u00f5es criativas com base nas masalas hindi e do mundo, combinando especiarias a partir de seis sabores: doce, salgado, azedo, picante, amargo e adstringente. A hist\u00f3ria do mercado de especiarias se confunde com o [&hellip;]<\/p>\n","protected":false},"author":1,"featured_media":0,"parent":0,"menu_order":0,"comment_status":"closed","ping_status":"closed","template":"elementor_header_footer","meta":[],"_links":{"self":[{"href":"https:\/\/curry-se.com.br\/index.php?rest_route=\/wp\/v2\/pages\/504"}],"collection":[{"href":"https:\/\/curry-se.com.br\/index.php?rest_route=\/wp\/v2\/pages"}],"about":[{"href":"https:\/\/curry-se.com.br\/index.php?rest_route=\/wp\/v2\/types\/page"}],"author":[{"embeddable":true,"href":"https:\/\/curry-se.com.br\/index.php?rest_route=\/wp\/v2\/users\/1"}],"replies":[{"embeddable":true,"href":"https:\/\/curry-se.com.br\/index.php?rest_route=%2Fwp%2Fv2%2Fcomments&post=504"}],"version-history":[{"count":287,"href":"https:\/\/curry-se.com.br\/index.php?rest_route=\/wp\/v2\/pages\/504\/revisions"}],"predecessor-version":[{"id":1067,"href":"https:\/\/curry-se.com.br\/index.php?rest_route=\/wp\/v2\/pages\/504\/revisions\/1067"}],"wp:attachment":[{"href":"https:\/\/curry-se.com.br\/index.php?rest_route=%2Fwp%2Fv2%2Fmedia&parent=504"}],"curies":[{"name":"wp","href":"https:\/\/api.w.org\/{rel}","templated":true}]}}