{"id":14,"date":"2023-05-01T20:38:03","date_gmt":"2023-05-01T23:38:03","guid":{"rendered":"https:\/\/curry-se.com.br\/?page_id=14"},"modified":"2023-09-30T19:10:37","modified_gmt":"2023-09-30T22:10:37","slug":"quem-somos","status":"publish","type":"page","link":"https:\/\/curry-se.com.br\/?page_id=14","title":{"rendered":"Quem somos"},"content":{"rendered":"\t\t<div data-elementor-type=\"wp-page\" data-elementor-id=\"14\" class=\"elementor elementor-14\">\n\t\t\t\t\t\t\t\t\t<section class=\"elementor-section elementor-top-section elementor-element elementor-element-70b90ab2 elementor-section-boxed elementor-section-height-default elementor-section-height-default\" data-id=\"70b90ab2\" data-element_type=\"section\">\n\t\t\t\t\t\t<div class=\"elementor-container elementor-column-gap-default\">\n\t\t\t\t\t<div class=\"elementor-column elementor-col-100 elementor-top-column elementor-element elementor-element-3e95723e\" data-id=\"3e95723e\" data-element_type=\"column\">\n\t\t\t<div class=\"elementor-widget-wrap elementor-element-populated\">\n\t\t\t\t\t\t\t\t<div class=\"elementor-element elementor-element-657e475b elementor-widget elementor-widget-text-editor\" data-id=\"657e475b\" data-element_type=\"widget\" data-widget_type=\"text-editor.default\">\n\t\t\t\t<div class=\"elementor-widget-container\">\n\t\t\t<style>\/*! elementor - v3.14.0 - 26-06-2023 *\/\n.elementor-widget-text-editor.elementor-drop-cap-view-stacked .elementor-drop-cap{background-color:#69727d;color:#fff}.elementor-widget-text-editor.elementor-drop-cap-view-framed .elementor-drop-cap{color:#69727d;border:3px solid;background-color:transparent}.elementor-widget-text-editor:not(.elementor-drop-cap-view-default) .elementor-drop-cap{margin-top:8px}.elementor-widget-text-editor:not(.elementor-drop-cap-view-default) .elementor-drop-cap-letter{width:1em;height:1em}.elementor-widget-text-editor .elementor-drop-cap{float:left;text-align:center;line-height:1;font-size:50px}.elementor-widget-text-editor .elementor-drop-cap-letter{display:inline-block}<\/style>\t\t\t\t<article id=\"sections\" class=\"sections\" data-page-sections=\"5fc52bbba97599144e9fdcb1\"><section class=\"page-section layout-engine-section background-width--full-bleed section-height--medium content-width--medium horizontal-alignment--center vertical-alignment--middle \" data-test=\"page-section\" data-section-theme=\"\" data-section-id=\"5fc52bbba97599144e9fdcb4\" data-controller=\"SectionWrapperController\" data-current-styles=\"{ &quot;imageOverlayOpacity&quot;: 0.15, &quot;backgroundWidth&quot;: &quot;background-width--full-bleed&quot;, &quot;sectionHeight&quot;: &quot;section-height--medium&quot;, &quot;horizontalAlignment&quot;: &quot;horizontal-alignment--center&quot;, &quot;verticalAlignment&quot;: &quot;vertical-alignment--middle&quot;, &quot;contentWidth&quot;: &quot;content-width--medium&quot;, &quot;sectionTheme&quot;: &quot;&quot;, &quot;sectionAnimation&quot;: &quot;none&quot;, &quot;backgroundMode&quot;: &quot;image&quot; }\" data-current-context=\"{ &quot;video&quot;: { &quot;playbackSpeed&quot;: 0.5, &quot;filter&quot;: 1, &quot;filterStrength&quot;: 0, &quot;zoom&quot;: 0, &quot;videoSourceProvider&quot;: &quot;none&quot; }, &quot;backgroundImageId&quot;: null, &quot;backgroundMediaEffect&quot;: null, &quot;divider&quot;: null, &quot;typeName&quot;: null }\" data-animation=\"none\"><div class=\"section-border\"><div class=\"section-background\">\u00a0<\/div><\/div><div class=\"content-wrapper\"><div class=\"content\"><div id=\"page-section-5fc52bbba97599144e9fdcb4\" class=\"sqs-layout sqs-grid-12 columns-12\" data-type=\"page-section\"><div class=\"row sqs-row\"><div class=\"col sqs-col-12 span-12\"><div id=\"block-0ad45f141deb768ed41d\" class=\"sqs-block html-block sqs-block-html\" data-block-type=\"2\"><div class=\"sqs-block-content\"><h2 style=\"text-align: center; white-space: pre-wrap;\">Quem somos<\/h2><\/div><\/div><div id=\"block-7a3f60f662ea22b41047\" class=\"sqs-block spacer-block sqs-block-spacer sized vsize-1\" data-block-type=\"21\"><div class=\"sqs-block-content\">\u00a0<\/div><\/div><div id=\"block-57ff548a4a88950751ba\" class=\"sqs-block html-block sqs-block-html\" data-block-type=\"2\"><div class=\"sqs-block-content\"><p class=\"\" style=\"white-space: pre-wrap;\">A hist\u00f3ria do mercado de especiarias se confunde com o desenvolvimento da civiliza\u00e7\u00e3o. Ap\u00f3s o boom das transa\u00e7\u00f5es comerciais no s\u00e9culo XV os condimentos se tornaram itens obrigat\u00f3rios nas cozinhas n\u00e3o s\u00f3 do oriente, ber\u00e7o das iguarias, como na regi\u00e3o ocidental do planeta. O cuidado com o sabor e com a alimenta\u00e7\u00e3o saud\u00e1vel, elementar na gastronomia asi\u00e1tica, incentivou os empreendedores Joca Mesquita e Pat Godinho a criarem o <strong>CURRY-SE!<\/strong>, um novo conceito inspirado no universo arom\u00e1tico e saboroso dos temperos. A dupla de empreendedores desenvolveu uma cadeia sustent\u00e1vel de produ\u00e7\u00e3o, que promete conquistar o cora\u00e7\u00e3o e o paladar dos cariocas. Al\u00e9m do sabor inconfund\u00edvel dos preparos, a empresa construiu um card\u00e1pio com alimentos de origem segura e oriundos de produtores locais, al\u00e9m trazer uma embalagem inovadora no mercado brasileiro. A primeira loja est\u00e1 prevista para ser inaugurada no final do ano.<\/p><p class=\"\" style=\"white-space: pre-wrap;\"><strong>O CURRY-SE!<\/strong> surge como uma proposta inovadora e agregadora baseada nos pilares do bem-estar e da qualidade de vida. O card\u00e1pio re\u00fane alimentos sem agrot\u00f3xico e conservantes, mas que proporcionam sabores inesquec\u00edveis para os clientes, assim como o tempero milenar que d\u00e1 nome ao empreendimento. Com o objetivo de levar cultura atrav\u00e9s dos sabores, o <strong>CURRY-SE!<\/strong> nasce como uma marca que tem como proposta estimular os clientes a terem um estilo de vida mais saud\u00e1vel e consciente. E a sustentabilidade vai muito al\u00e9m do cuidado na escolha dos alimentos do card\u00e1pio. Toda a cadeia de produ\u00e7\u00e3o da empresa \u00e9 criada a partir de pr\u00e1ticas sustent\u00e1veis que s\u00e3o modelo em metr\u00f3poles desenvolvidas, como Nova York e Londres.<\/p><\/div><\/div><\/div><\/div><\/div><\/div><\/div><\/section><section class=\"page-section layout-engine-section background-width--full-bleed section-height--large content-width--medium horizontal-alignment--center vertical-alignment--middle has-background dark\" data-test=\"page-section\" data-section-theme=\"dark\" data-section-id=\"5fc52bbba97599144e9fdcb6\" data-controller=\"SectionWrapperController\" data-current-styles=\"{ &quot;backgroundImage&quot;: { &quot;id&quot;: &quot;5fc52bbba97599144e9fdcb0&quot;, &quot;recordType&quot;: 2, &quot;addedOn&quot;: 1558720289583, &quot;updatedOn&quot;: 1590345450670, &quot;starred&quot;: false, &quot;passthrough&quot;: false, &quot;workflowState&quot;: 1, &quot;publishOn&quot;: 1558720289583, &quot;authorId&quot;: &quot;5faab196f77f3c251574afa7&quot;, &quot;systemDataId&quot;: &quot;1588759759008-MPCTXOCT1DURAM2SKW8S&quot;, &quot;systemDataVariants&quot;: &quot;1920x1280,100w,300w,500w,750w,1000w,1500w&quot;, &quot;systemDataSourceType&quot;: &quot;JPG&quot;, &quot;filename&quot;: &quot;camp_285-copy.jpg&quot;, &quot;mediaFocalPoint&quot;: { &quot;x&quot;: 0.5, &quot;y&quot;: 0.5, &quot;source&quot;: 3 }, &quot;colorData&quot;: { &quot;topLeftAverage&quot;: &quot;c69a6b&quot;, &quot;topRightAverage&quot;: &quot;281925&quot;, &quot;bottomLeftAverage&quot;: &quot;473e43&quot;, &quot;bottomRightAverage&quot;: &quot;aaafbf&quot;, &quot;centerAverage&quot;: &quot;bc9983&quot;, &quot;suggestedBgColor&quot;: &quot;ae7c41&quot; }, &quot;urlId&quot;: &quot;btzuhd5bosrb75te37cc79wpxq9ti5-ycz9r-ffsks-nx9mm&quot;, &quot;title&quot;: &quot;&quot;, &quot;body&quot;: null, &quot;likeCount&quot;: 0, &quot;commentCount&quot;: 0, &quot;publicCommentCount&quot;: 0, &quot;commentState&quot;: 2, &quot;unsaved&quot;: false, &quot;author&quot;: { &quot;id&quot;: &quot;5faab196f77f3c251574afa7&quot;, &quot;displayName&quot;: &quot;Patricia Godinho&quot;, &quot;firstName&quot;: &quot;Patricia&quot;, &quot;lastName&quot;: &quot;Godinho&quot;, &quot;bio&quot;: &quot;&quot; }, &quot;assetUrl&quot;: &quot;https:\/\/images.squarespace-cdn.com\/content\/v1\/5eb28cc5046af20d5f3605a4\/1588759759008-MPCTXOCT1DURAM2SKW8S\/camp_285-copy.jpg&quot;, &quot;contentType&quot;: &quot;image\/jpeg&quot;, &quot;items&quot;: [ ], &quot;pushedServices&quot;: { }, &quot;pendingPushedServices&quot;: { }, &quot;recordTypeLabel&quot;: &quot;image&quot;, &quot;originalSize&quot;: &quot;1920x1280&quot; }, &quot;imageOverlayOpacity&quot;: 0.15, &quot;backgroundWidth&quot;: &quot;background-width--full-bleed&quot;, &quot;sectionHeight&quot;: &quot;section-height--large&quot;, &quot;horizontalAlignment&quot;: &quot;horizontal-alignment--center&quot;, &quot;verticalAlignment&quot;: &quot;vertical-alignment--middle&quot;, &quot;contentWidth&quot;: &quot;content-width--medium&quot;, &quot;sectionTheme&quot;: &quot;dark&quot;, &quot;sectionAnimation&quot;: &quot;none&quot;, &quot;backgroundMode&quot;: &quot;image&quot; }\" data-current-context=\"{ &quot;video&quot;: { &quot;playbackSpeed&quot;: 0.5, &quot;filter&quot;: 1, &quot;filterStrength&quot;: 0, &quot;zoom&quot;: 0, &quot;videoSourceProvider&quot;: &quot;none&quot; }, &quot;backgroundImageId&quot;: null, &quot;backgroundMediaEffect&quot;: null, &quot;divider&quot;: null, &quot;typeName&quot;: null }\" data-animation=\"none\"><div class=\"section-border\"><div class=\"section-background\"><p>\u00a0<\/p><div class=\"section-background-overlay\" style=\"opacity: 0.15;\">\u00a0<\/div><\/div><\/div><div class=\"content-wrapper\"><div class=\"content\"><div id=\"page-section-5fc52bbba97599144e9fdcb6\" class=\"sqs-layout sqs-grid-12 columns-12\" data-type=\"page-section\"><div class=\"row sqs-row\"><div class=\"col sqs-col-12 span-12\"><div id=\"block-f4f18bc0a2704f8e2960\" class=\"sqs-block spacer-block sqs-block-spacer\" data-aspect-ratio=\"3.3203125\" data-block-type=\"21\"><div class=\"sqs-block-content\">\u00a0<\/div><\/div><\/div><\/div><\/div><\/div><\/div><\/section><\/article>\t\t\t\t\t\t<\/div>\n\t\t\t\t<\/div>\n\t\t\t\t\t<\/div>\n\t\t<\/div>\n\t\t\t\t\t\t\t<\/div>\n\t\t<\/section>\n\t\t\t\t\t\t\t<\/div>\n\t\t","protected":false},"excerpt":{"rendered":"<p>Quem somos A hist\u00f3ria do mercado de especiarias se confunde com o desenvolvimento da civiliza\u00e7\u00e3o. Ap\u00f3s o boom das transa\u00e7\u00f5es comerciais no s\u00e9culo XV os condimentos se tornaram itens obrigat\u00f3rios nas cozinhas n\u00e3o s\u00f3 do oriente, ber\u00e7o das iguarias, como na regi\u00e3o ocidental do planeta. O cuidado com o sabor e com a alimenta\u00e7\u00e3o saud\u00e1vel, [&hellip;]<\/p>\n","protected":false},"author":1,"featured_media":0,"parent":0,"menu_order":0,"comment_status":"closed","ping_status":"closed","template":"","meta":[],"_links":{"self":[{"href":"https:\/\/curry-se.com.br\/index.php?rest_route=\/wp\/v2\/pages\/14"}],"collection":[{"href":"https:\/\/curry-se.com.br\/index.php?rest_route=\/wp\/v2\/pages"}],"about":[{"href":"https:\/\/curry-se.com.br\/index.php?rest_route=\/wp\/v2\/types\/page"}],"author":[{"embeddable":true,"href":"https:\/\/curry-se.com.br\/index.php?rest_route=\/wp\/v2\/users\/1"}],"replies":[{"embeddable":true,"href":"https:\/\/curry-se.com.br\/index.php?rest_route=%2Fwp%2Fv2%2Fcomments&post=14"}],"version-history":[{"count":4,"href":"https:\/\/curry-se.com.br\/index.php?rest_route=\/wp\/v2\/pages\/14\/revisions"}],"predecessor-version":[{"id":1116,"href":"https:\/\/curry-se.com.br\/index.php?rest_route=\/wp\/v2\/pages\/14\/revisions\/1116"}],"wp:attachment":[{"href":"https:\/\/curry-se.com.br\/index.php?rest_route=%2Fwp%2Fv2%2Fmedia&parent=14"}],"curies":[{"name":"wp","href":"https:\/\/api.w.org\/{rel}","templated":true}]}}