{"id":10,"date":"2023-05-01T20:38:03","date_gmt":"2023-05-01T23:38:03","guid":{"rendered":"https:\/\/curry-se.com.br\/?page_id=10"},"modified":"2023-05-01T20:38:03","modified_gmt":"2023-05-01T23:38:03","slug":"nossa-historia","status":"publish","type":"page","link":"https:\/\/curry-se.com.br\/?page_id=10","title":{"rendered":"Nossa Hist\u00f3ria"},"content":{"rendered":"<article class=\"sections\" id=\"sections\" data-page-sections=\"5faaba96261aa76cb3db9012\">\n<section\n  data-test=\"page-section\"\n  \n  data-section-theme=\"\"\n  class='page-section \n    \n      layout-engine-section\n    \n    background-width--full-bleed\n    \n      section-height--medium\n    \n    \n      content-width--medium\n    \n    horizontal-alignment--center\n    vertical-alignment--middle\n    \n      \n    \n    \n    '\n  \n  data-section-id=\"5faaba96261aa76cb3db9015\"\n  \n  data-controller=\"SectionWrapperController\"\n  data-current-styles=\"{\n  &quot;imageOverlayOpacity&quot;: 0.15,\n  &quot;backgroundWidth&quot;: &quot;background-width--full-bleed&quot;,\n  &quot;sectionHeight&quot;: &quot;section-height--medium&quot;,\n  &quot;horizontalAlignment&quot;: &quot;horizontal-alignment--center&quot;,\n  &quot;verticalAlignment&quot;: &quot;vertical-alignment--middle&quot;,\n  &quot;contentWidth&quot;: &quot;content-width--medium&quot;,\n  &quot;sectionTheme&quot;: &quot;&quot;,\n  &quot;sectionAnimation&quot;: &quot;none&quot;,\n  &quot;backgroundMode&quot;: &quot;image&quot;\n}\"\n  data-current-context=\"{\n  &quot;video&quot;: {\n    &quot;playbackSpeed&quot;: 0.5,\n    &quot;filter&quot;: 1,\n    &quot;filterStrength&quot;: 0,\n    &quot;zoom&quot;: 0,\n    &quot;videoSourceProvider&quot;: &quot;none&quot;\n  },\n  &quot;backgroundImageId&quot;: null,\n  &quot;backgroundMediaEffect&quot;: null,\n  &quot;divider&quot;: null,\n  &quot;typeName&quot;: null\n}\"\n  data-animation=\"none\"\n  \n   \n  \n  \n><\/p>\n<div\n    class=\"section-border\" \n    \n  ><\/p>\n<div class=\"section-background\"><\/div>\n<\/p><\/div>\n<div\n    class='content-wrapper'\n    style='\n      \n        \n      \n    '\n  ><\/p>\n<div\n      class=\"content\"\n      \n    ><\/p>\n<div class=\"sqs-layout sqs-grid-12 columns-12\" data-type=\"page-section\" id=\"page-section-5faaba96261aa76cb3db9015\">\n<div class=\"row sqs-row\">\n<div class=\"col sqs-col-12 span-12\">\n<div class=\"sqs-block html-block sqs-block-html\" data-block-type=\"2\" id=\"block-c70d89fcb4824f126330\">\n<div class=\"sqs-block-content\">\n<h2 style=\"text-align:center;white-space:pre-wrap;\">Nossa Hist\u00f3ria<\/h2>\n<p class=\"\" style=\"white-space:pre-wrap;\">A hist\u00f3ria do mercado de especiarias se confunde com o desenvolvimento da civiliza\u00e7\u00e3o. Ap\u00f3s o boom das transa\u00e7\u00f5es comerciais no s\u00e9culo XV os condimentos se tornaram itens obrigat\u00f3rios nas cozinhas n\u00e3o s\u00f3 do oriente, ber\u00e7o das iguarias, como na regi\u00e3o ocidental do planeta. O cuidado com o sabor e com a alimenta\u00e7\u00e3o saud\u00e1vel, elementar na gastronomia asi\u00e1tica, incentivou a <em>restauranteur<\/em> Pat Godinho e seu s\u00f3cio, Joca Mesquita a criar o <strong>CURRY-SE!<\/strong>, um novo conceito inspirado no universo arom\u00e1tico e saboroso dos temperos. O card\u00e1pio fusion \u00e9 composto de  alimentos de origem segura, reunindo op\u00e7\u00f5es de comida fresca e saud\u00e1vel, aliadas ao sabor das masalas indianas. <\/p>\n<p class=\"\" style=\"white-space:pre-wrap;\"><strong>Pat Godinho <\/strong>cursou Turismo e especializou-se no desenvolvimento, implementa\u00e7\u00e3o e acompanhamento de processos operacionais com foco em qualidade e servi\u00e7o para empresas do ramo do bem-estar, moda e lazer. Ap\u00f3s passar um per\u00edodo pesquisando tend\u00eancias nos Estados Unidos, voltou ao Rio e atuou na gest\u00e3o de casas na \u00e1rea de A&amp;B. Montou, ent\u00e3o, a empresa Mesa6, prestadora de servi\u00e7os com expertise em conceitua\u00e7\u00e3o, implanta\u00e7\u00e3o operacional, treinamento e desenvolvimento de a\u00e7\u00f5es de marketing para bares e restaurantes premium. A Mesa6 prestou servi\u00e7os para marcas renomadas no mercado carioca, como: Satchmo, Caroline Caf\u00e9, ViaSete, Gula Gula,<em> 00 (Zero Zero),<\/em> e Miranda.<\/p>\n<p class=\"\" style=\"white-space:pre-wrap;\"><strong>Joca Mesquita<\/strong>, mestre em Geografia com \u00eanfase em Sustentabilidade Alimentar e Graduado em Geografia, com bacharelado e licenciatura pela PUC-Rio. Formado em dire\u00e7\u00e3o de cozinha pela Uni-Rio, com P\u00f3s-Gradua\u00e7\u00e3o em Dire\u00e7\u00e3o de Cozinha e Confeitaria pela <em>Escuela de Hosteleria y Turismo de Valencia (EHTV)<\/em>, em Valencia, na Espanha. Mesquita possui forma\u00e7\u00e3o plural e alinhada com a Gastronomia e suas extens\u00f5es socioambientais. Como diretor da Aguce Gastronomia, prestou consultoria e assinou o card\u00e1pio de casas renomadas no Rio de Janeiro, como o Venga, Miranda, al\u00e9m do novo restaurante conceito da rede Manekineko na cidade. Atualmente \u00e9 professor de gastronomia do Senac Rio e treinador avaliador das Competi\u00e7\u00f5es Senac de Educa\u00e7\u00e3o Profissional.<\/p>\n<\/div>\n<\/div>\n<\/div>\n<\/div>\n<\/div><\/div>\n<\/p><\/div>\n<\/section>\n<section\n  data-test=\"page-section\"\n  \n  data-section-theme=\"dark\"\n  class='page-section \n    \n      layout-engine-section\n    \n    background-width--full-bleed\n    \n      section-height--large\n    \n    \n      content-width--medium\n    \n    horizontal-alignment--center\n    vertical-alignment--middle\n    \n       has-background\n    \n    \n    dark'\n  \n  data-section-id=\"5faaba96261aa76cb3db9017\"\n  \n  data-controller=\"SectionWrapperController\"\n  data-current-styles=\"{\n  &quot;backgroundImage&quot;: {\n    &quot;id&quot;: &quot;60e8a14b2d98337f05e19a83&quot;,\n    &quot;recordType&quot;: 2,\n    &quot;addedOn&quot;: 1625858379103,\n    &quot;updatedOn&quot;: 1625858379222,\n    &quot;workflowState&quot;: 1,\n    &quot;publishOn&quot;: 1625858379103,\n    &quot;authorId&quot;: &quot;5faab196f77f3c251574afa7&quot;,\n    &quot;systemDataId&quot;: &quot;673f2f9d-569c-4d8d-9b5d-9ed074e882f8&quot;,\n    &quot;systemDataVariants&quot;: &quot;2500x2000,100w,300w,500w,750w,1000w,1500w,2500w&quot;,\n    &quot;systemDataSourceType&quot;: &quot;JPG&quot;,\n    &quot;filename&quot;: &quot;_dsc4269final.jpg&quot;,\n    &quot;mediaFocalPoint&quot;: {\n      &quot;x&quot;: 0.5,\n      &quot;y&quot;: 0.5,\n      &quot;source&quot;: 3\n    },\n    &quot;colorData&quot;: {\n      &quot;topLeftAverage&quot;: &quot;281e12&quot;,\n      &quot;topRightAverage&quot;: &quot;130e0b&quot;,\n      &quot;bottomLeftAverage&quot;: &quot;271103&quot;,\n      &quot;bottomRightAverage&quot;: &quot;0c0101&quot;,\n      &quot;centerAverage&quot;: &quot;784f36&quot;,\n      &quot;suggestedBgColor&quot;: &quot;2f1e0e&quot;\n    },\n    &quot;urlId&quot;: &quot;dmwbmcihii3j1w7lq1gfkdja520hjg&quot;,\n    &quot;title&quot;: &quot;&quot;,\n    &quot;body&quot;: null,\n    &quot;likeCount&quot;: 0,\n    &quot;commentCount&quot;: 0,\n    &quot;publicCommentCount&quot;: 0,\n    &quot;commentState&quot;: 2,\n    &quot;unsaved&quot;: false,\n    &quot;author&quot;: {\n      &quot;id&quot;: &quot;5faab196f77f3c251574afa7&quot;,\n      &quot;displayName&quot;: &quot;Patricia Godinho&quot;,\n      &quot;firstName&quot;: &quot;Patricia&quot;,\n      &quot;lastName&quot;: &quot;Godinho&quot;,\n      &quot;bio&quot;: &quot;&quot;\n    },\n    &quot;assetUrl&quot;: &quot;https:\/\/images.squarespace-cdn.com\/content\/v1\/5faab1987d1cda26b87bccfb\/673f2f9d-569c-4d8d-9b5d-9ed074e882f8\/_dsc4269final.jpg&quot;,\n    &quot;contentType&quot;: &quot;image\/jpeg&quot;,\n    &quot;items&quot;: [ ],\n    &quot;pushedServices&quot;: { },\n    &quot;pendingPushedServices&quot;: { },\n    &quot;recordTypeLabel&quot;: &quot;image&quot;,\n    &quot;originalSize&quot;: &quot;2500x2000&quot;\n  },\n  &quot;imageOverlayOpacity&quot;: 0.15,\n  &quot;backgroundWidth&quot;: &quot;background-width--full-bleed&quot;,\n  &quot;sectionHeight&quot;: &quot;section-height--large&quot;,\n  &quot;horizontalAlignment&quot;: &quot;horizontal-alignment--center&quot;,\n  &quot;verticalAlignment&quot;: &quot;vertical-alignment--middle&quot;,\n  &quot;contentWidth&quot;: &quot;content-width--medium&quot;,\n  &quot;sectionTheme&quot;: &quot;dark&quot;,\n  &quot;sectionAnimation&quot;: &quot;none&quot;,\n  &quot;backgroundMode&quot;: &quot;image&quot;\n}\"\n  data-current-context=\"{\n  &quot;video&quot;: {\n    &quot;playbackSpeed&quot;: 0.5,\n    &quot;filter&quot;: 1,\n    &quot;filterStrength&quot;: 0,\n    &quot;zoom&quot;: 0,\n    &quot;videoSourceProvider&quot;: &quot;none&quot;\n  },\n  &quot;backgroundImageId&quot;: null,\n  &quot;backgroundMediaEffect&quot;: null,\n  &quot;divider&quot;: null,\n  &quot;typeName&quot;: null\n}\"\n  data-animation=\"none\"\n  \n   \n  \n  \n><\/p>\n<div\n    class=\"section-border\" \n    \n  ><\/p>\n<div class=\"section-background\">\n<p>  <img decoding=\"async\" alt=\"\"\n    \n    src=\"https:\/\/images.squarespace-cdn.com\/content\/v1\/5faab1987d1cda26b87bccfb\/673f2f9d-569c-4d8d-9b5d-9ed074e882f8\/_dsc4269final.jpg\" data-image=\"https:\/\/images.squarespace-cdn.com\/content\/v1\/5faab1987d1cda26b87bccfb\/673f2f9d-569c-4d8d-9b5d-9ed074e882f8\/_dsc4269final.jpg\" data-image-dimensions=\"2500x2000\" data-image-focal-point=\"0.5,0.5\" alt=\"_dsc4269final.jpg\" \n    data-load=\"false\"\n    \n  \/><\/p>\n<div class=\"section-background-overlay\" style=\"opacity: 0.15;\"><\/div>\n<\/p><\/div>\n<\/p><\/div>\n<div\n    class='content-wrapper'\n    style='\n      \n        \n      \n    '\n  ><\/p>\n<div\n      class=\"content\"\n      \n    ><\/p>\n<div class=\"sqs-layout sqs-grid-12 columns-12\" data-type=\"page-section\" id=\"page-section-5faaba96261aa76cb3db9017\">\n<div class=\"row sqs-row\">\n<div class=\"col sqs-col-12 span-12\">\n<div class=\"sqs-block spacer-block sqs-block-spacer\" data-aspect-ratio=\"3.3203125\" data-block-type=\"21\" id=\"block-fba7f222bf9c6da8fc50\">\n<div class=\"sqs-block-content\">&nbsp;<\/div>\n<\/div>\n<\/div>\n<\/div>\n<\/div><\/div>\n<\/p><\/div>\n<\/section>\n<\/article>\n","protected":false},"excerpt":{"rendered":"<p>Nossa Hist\u00f3ria A hist\u00f3ria do mercado de especiarias se confunde com o desenvolvimento da civiliza\u00e7\u00e3o. Ap\u00f3s o boom das transa\u00e7\u00f5es comerciais no s\u00e9culo XV os condimentos se tornaram itens obrigat\u00f3rios nas cozinhas n\u00e3o s\u00f3 do oriente, ber\u00e7o das iguarias, como na regi\u00e3o ocidental do planeta. O cuidado com o sabor e com a alimenta\u00e7\u00e3o saud\u00e1vel, [&hellip;]<\/p>\n","protected":false},"author":1,"featured_media":0,"parent":0,"menu_order":0,"comment_status":"closed","ping_status":"closed","template":"","meta":[],"_links":{"self":[{"href":"https:\/\/curry-se.com.br\/index.php?rest_route=\/wp\/v2\/pages\/10"}],"collection":[{"href":"https:\/\/curry-se.com.br\/index.php?rest_route=\/wp\/v2\/pages"}],"about":[{"href":"https:\/\/curry-se.com.br\/index.php?rest_route=\/wp\/v2\/types\/page"}],"author":[{"embeddable":true,"href":"https:\/\/curry-se.com.br\/index.php?rest_route=\/wp\/v2\/users\/1"}],"replies":[{"embeddable":true,"href":"https:\/\/curry-se.com.br\/index.php?rest_route=%2Fwp%2Fv2%2Fcomments&post=10"}],"version-history":[{"count":0,"href":"https:\/\/curry-se.com.br\/index.php?rest_route=\/wp\/v2\/pages\/10\/revisions"}],"wp:attachment":[{"href":"https:\/\/curry-se.com.br\/index.php?rest_route=%2Fwp%2Fv2%2Fmedia&parent=10"}],"curies":[{"name":"wp","href":"https:\/\/api.w.org\/{rel}","templated":true}]}}